{"id":6847,"date":"2024-02-26T10:33:04","date_gmt":"2024-02-26T10:33:04","guid":{"rendered":"https:\/\/www.biozeram.com\/politica-de-privacidade"},"modified":"2024-03-13T13:05:09","modified_gmt":"2024-03-13T13:05:09","slug":"politica-de-privacidade","status":"publish","type":"page","link":"https:\/\/www.biozeram.com\/pt-pt\/politica-de-privacidade","title":{"rendered":"Pol\u00edtica de privacidade"},"content":{"rendered":"\t\t<div data-elementor-type=\"wp-page\" data-elementor-id=\"6847\" class=\"elementor elementor-6847 elementor-5292\" data-elementor-post-type=\"page\">\n\t\t\t\t<div class=\"elementor-element elementor-element-2795a96 e-flex e-con-boxed e-con e-parent\" data-id=\"2795a96\" data-element_type=\"container\" data-settings=\"{&quot;container_type&quot;:&quot;flex&quot;,&quot;content_width&quot;:&quot;boxed&quot;}\" data-core-v316-plus=\"true\">\n\t\t\t\t\t<div class=\"e-con-inner\">\n\t\t\t\t<div class=\"elementor-element elementor-element-f6a81d5 elementor-widget elementor-widget-heading\" data-id=\"f6a81d5\" data-element_type=\"widget\" data-widget_type=\"heading.default\">\n\t\t\t\t<div class=\"elementor-widget-container\">\n\t\t\t<style>\/*! elementor - v3.19.0 - 07-02-2024 *\/\n.elementor-heading-title{padding:0;margin:0;line-height:1}.elementor-widget-heading .elementor-heading-title[class*=elementor-size-]>a{color:inherit;font-size:inherit;line-height:inherit}.elementor-widget-heading .elementor-heading-title.elementor-size-small{font-size:15px}.elementor-widget-heading .elementor-heading-title.elementor-size-medium{font-size:19px}.elementor-widget-heading .elementor-heading-title.elementor-size-large{font-size:29px}.elementor-widget-heading .elementor-heading-title.elementor-size-xl{font-size:39px}.elementor-widget-heading .elementor-heading-title.elementor-size-xxl{font-size:59px}<\/style><h2 class=\"elementor-heading-title elementor-size-default\">Pol\u00edtica de privacidade<\/h2>\t\t<\/div>\n\t\t\t\t<\/div>\n\t\t\t\t<div class=\"elementor-element elementor-element-0797bc4 elementor-widget elementor-widget-text-editor\" data-id=\"0797bc4\" data-element_type=\"widget\" data-widget_type=\"text-editor.default\">\n\t\t\t\t<div class=\"elementor-widget-container\">\n\t\t\t<style>\/*! elementor - v3.19.0 - 07-02-2024 *\/\n.elementor-widget-text-editor.elementor-drop-cap-view-stacked .elementor-drop-cap{background-color:#69727d;color:#fff}.elementor-widget-text-editor.elementor-drop-cap-view-framed .elementor-drop-cap{color:#69727d;border:3px solid;background-color:transparent}.elementor-widget-text-editor:not(.elementor-drop-cap-view-default) .elementor-drop-cap{margin-top:8px}.elementor-widget-text-editor:not(.elementor-drop-cap-view-default) .elementor-drop-cap-letter{width:1em;height:1em}.elementor-widget-text-editor .elementor-drop-cap{float:left;text-align:center;line-height:1;font-size:50px}.elementor-widget-text-editor .elementor-drop-cap-letter{display:inline-block}<\/style>\t\t\t\t<p>A presente Pol\u00edtica de Privacidade estabelece os termos em que a biozeram utiliza e protege as informa\u00e7\u00f5es que o utilizador fornece quando utiliza este s\u00edtio Web. Esta empresa est\u00e1 empenhada na seguran\u00e7a dos dados dos seus utilizadores. Quando pedimos ao utilizador que preencha campos de informa\u00e7\u00e3o pessoal atrav\u00e9s dos quais possa ser identificado, fazemo-lo com a garantia de que essa informa\u00e7\u00e3o s\u00f3 ser\u00e1 utilizada de acordo com os termos do presente documento. No entanto, esta Pol\u00edtica de Privacidade pode ser alterada ao longo do tempo ou actualizada e encorajamos e sublinhamos que deve rever continuamente esta p\u00e1gina para garantir que est\u00e1 satisfeito com essas altera\u00e7\u00f5es.<\/p>\n\t\t\t\t\t\t<\/div>\n\t\t\t\t<\/div>\n\t\t\t\t<div class=\"elementor-element elementor-element-f210908 elementor-widget elementor-widget-text-editor\" data-id=\"f210908\" data-element_type=\"widget\" data-widget_type=\"text-editor.default\">\n\t\t\t\t<div class=\"elementor-widget-container\">\n\t\t\t\t\t\t\t<p><strong style=\"font-style: inherit; color: var( --e-global-color-3fc0746 ); text-align: var(--text-align); background-color: var(--ast-global-color-5);\">Informa\u00e7\u00f5es recolhidas<\/strong><\/p>\n<p>O nosso s\u00edtio Web pode recolher informa\u00e7\u00f5es pessoais, tais como: Nome, informa\u00e7\u00f5es de contacto, tais como o seu endere\u00e7o de correio eletr\u00f3nico e informa\u00e7\u00f5es demogr\u00e1ficas. Podem tamb\u00e9m ser solicitadas informa\u00e7\u00f5es espec\u00edficas quando necess\u00e1rio para processar encomendas, entregas ou fatura\u00e7\u00e3o.<\/p>\t\t\t\t\t\t<\/div>\n\t\t\t\t<\/div>\n\t\t\t\t<div class=\"elementor-element elementor-element-930be35 elementor-widget elementor-widget-text-editor\" data-id=\"930be35\" data-element_type=\"widget\" data-widget_type=\"text-editor.default\">\n\t\t\t\t<div class=\"elementor-widget-container\">\n\t\t\t\t\t\t\t<p><strong style=\"font-style: inherit; color: var( --e-global-color-3fc0746 ); text-align: var(--text-align); background-color: var(--ast-global-color-5);\">Utiliza\u00e7\u00e3o das informa\u00e7\u00f5es recolhidas<\/strong><\/p>\n<p>O nosso s\u00edtio Web utiliza as informa\u00e7\u00f5es para prestar o melhor servi\u00e7o poss\u00edvel, em especial para acompanhar os utilizadores, para acompanhar as encomendas, se for caso disso, e para melhorar os nossos produtos e servi\u00e7os. Poderemos enviar periodicamente mensagens de correio eletr\u00f3nico atrav\u00e9s do nosso s\u00edtio com ofertas especiais, novos produtos e outras informa\u00e7\u00f5es de marketing que consideremos relevantes para o utilizador ou que possam ser ben\u00e9ficas para o mesmo. Estas mensagens de correio eletr\u00f3nico ser\u00e3o enviadas para o endere\u00e7o fornecido pelo utilizador e podem ser anuladas a qualquer momento.<\/p>\n<p>A biozeram est\u00e1 altamente empenhada em cumprir o seu compromisso de manter as suas informa\u00e7\u00f5es seguras. Utilizamos os sistemas mais avan\u00e7ados e actualizamo-los constantemente para garantir que n\u00e3o existe qualquer acesso n\u00e3o autorizado.<\/p>\t\t\t\t\t\t<\/div>\n\t\t\t\t<\/div>\n\t\t\t\t<div class=\"elementor-element elementor-element-ec8a2a2 elementor-widget elementor-widget-text-editor\" data-id=\"ec8a2a2\" data-element_type=\"widget\" data-widget_type=\"text-editor.default\">\n\t\t\t\t<div class=\"elementor-widget-container\">\n\t\t\t\t\t\t\t<p><strong style=\"font-style: inherit; color: var( --e-global-color-3fc0746 ); text-align: var(--text-align); background-color: var(--ast-global-color-5);\">Biscoitos<\/strong><\/p>\n<p>Um cookie refere-se a um ficheiro que \u00e9 enviado com o objetivo de pedir autoriza\u00e7\u00e3o para ser armazenado no seu computador, ao aceitar este ficheiro \u00e9 criado e o cookie serve ent\u00e3o para ter informa\u00e7\u00e3o relativa ao tr\u00e1fego na web, e tamb\u00e9m facilita futuras visitas a um website recorrente. Outra fun\u00e7\u00e3o dos cookies \u00e9 permitir que os s\u00edtios Web o reconhe\u00e7am individualmente e, por conseguinte, lhe prestem o melhor servi\u00e7o personalizado no seu s\u00edtio Web.<\/p>\n<p>O nosso s\u00edtio Web utiliza cookies para poder identificar as p\u00e1ginas que s\u00e3o visitadas e com que frequ\u00eancia. Esta informa\u00e7\u00e3o \u00e9 utilizada apenas para an\u00e1lise estat\u00edstica e depois \u00e9 permanentemente apagada. Pode apagar os cookies do seu computador em qualquer altura. Embora os cookies ajudem a prestar um melhor servi\u00e7o a partir dos s\u00edtios Web, n\u00e3o d\u00e3o acesso a informa\u00e7\u00f5es do seu computador ou do utilizador, a menos que este opte por nos fornecer essas informa\u00e7\u00f5es diretamente. O utilizador pode aceitar ou recusar a utiliza\u00e7\u00e3o de cookies, no entanto, a maioria dos browsers aceita automaticamente os cookies, uma vez que isso serve para ter um melhor servi\u00e7o Web. Tamb\u00e9m pode alterar as defini\u00e7\u00f5es do seu computador para recusar cookies. Se forem recusados, poder\u00e1 n\u00e3o conseguir utilizar alguns dos nossos servi\u00e7os.<\/p>\t\t\t\t\t\t<\/div>\n\t\t\t\t<\/div>\n\t\t\t\t<div class=\"elementor-element elementor-element-2e45d56 elementor-widget elementor-widget-text-editor\" data-id=\"2e45d56\" data-element_type=\"widget\" data-widget_type=\"text-editor.default\">\n\t\t\t\t<div class=\"elementor-widget-container\">\n\t\t\t\t\t\t\t<p><strong style=\"font-style: inherit; color: var( --e-global-color-3fc0746 ); text-align: var(--text-align); background-color: var(--ast-global-color-5);\">Liga\u00e7\u00f5es a terceiros<\/strong><\/p>\n<p>Este s\u00edtio Web pode conter liga\u00e7\u00f5es a outros s\u00edtios que podem ser do seu interesse. Quando o utilizador clica nestas liga\u00e7\u00f5es e sai do nosso s\u00edtio, deixamos de ter controlo sobre o s\u00edtio para o qual \u00e9 redireccionado e, por conseguinte, n\u00e3o somos respons\u00e1veis pelos termos ou pela privacidade ou prote\u00e7\u00e3o de dados desses s\u00edtios de terceiros. Estes s\u00edtios est\u00e3o sujeitos \u00e0s suas pr\u00f3prias pol\u00edticas de privacidade e recomenda-se que os consulte para confirmar que concorda com as mesmas.<\/p>\t\t\t\t\t\t<\/div>\n\t\t\t\t<\/div>\n\t\t\t\t<div class=\"elementor-element elementor-element-b4b31dc elementor-widget elementor-widget-text-editor\" data-id=\"b4b31dc\" data-element_type=\"widget\" data-widget_type=\"text-editor.default\">\n\t\t\t\t<div class=\"elementor-widget-container\">\n\t\t\t\t\t\t\t<p><strong style=\"font-style: inherit; color: var( --e-global-color-3fc0746 ); text-align: var(--text-align); background-color: var(--ast-global-color-5);\">Controlo das suas informa\u00e7\u00f5es pessoais<\/strong><\/p>\n<p>Em qualquer altura, o utilizador pode restringir a recolha ou utiliza\u00e7\u00e3o de informa\u00e7\u00f5es pessoais fornecidas ao nosso s\u00edtio Web. Sempre que lhe for pedido para preencher um formul\u00e1rio, como o formul\u00e1rio de registo de utilizador, pode marcar ou desmarcar a op\u00e7\u00e3o de receber informa\u00e7\u00f5es por correio eletr\u00f3nico. Caso tenha assinalado a op\u00e7\u00e3o de receber a nossa newsletter ou publicidade, pode cancel\u00e1-la em qualquer altura.<\/p>\n<p>Esta empresa n\u00e3o vender\u00e1, ceder\u00e1 ou distribuir\u00e1 as informa\u00e7\u00f5es pessoais recolhidas sem o seu consentimento, exceto se tal for exigido por um juiz com uma ordem judicial.<\/p>\n<p>A Biozeram reserva-se o direito de alterar os termos da presente Pol\u00edtica de Privacidade em qualquer altura.<\/p>\t\t\t\t\t\t<\/div>\n\t\t\t\t<\/div>\n\t\t\t\t\t<\/div>\n\t\t\t\t<\/div>\n\t\t\t\t<\/div>\n\t\t","protected":false},"excerpt":{"rendered":"<p>Pol\u00edtica de privacidade A presente Pol\u00edtica de Privacidade estabelece os termos em que a biozeram utiliza e protege as informa\u00e7\u00f5es [&hellip;]<\/p>\n","protected":false},"author":1,"featured_media":0,"parent":0,"menu_order":0,"comment_status":"closed","ping_status":"closed","template":"","meta":{"site-sidebar-layout":"default","site-content-layout":"","ast-site-content-layout":"","site-content-style":"default","site-sidebar-style":"default","ast-global-header-display":"","ast-banner-title-visibility":"","ast-main-header-display":"","ast-hfb-above-header-display":"","ast-hfb-below-header-display":"","ast-hfb-mobile-header-display":"","site-post-title":"","ast-breadcrumbs-content":"","ast-featured-img":"","footer-sml-layout":"","theme-transparent-header-meta":"","adv-header-id-meta":"","stick-header-meta":"","header-above-stick-meta":"","header-main-stick-meta":"","header-below-stick-meta":"","astra-migrate-meta-layouts":"default","ast-page-background-enabled":"default","ast-page-background-meta":{"desktop":{"background-color":"var(--ast-global-color-4)","background-image":"","background-repeat":"repeat","background-position":"center center","background-size":"auto","background-attachment":"scroll","background-type":"","background-media":"","overlay-type":"","overlay-color":"","overlay-gradient":""},"tablet":{"background-color":"","background-image":"","background-repeat":"repeat","background-position":"center center","background-size":"auto","background-attachment":"scroll","background-type":"","background-media":"","overlay-type":"","overlay-color":"","overlay-gradient":""},"mobile":{"background-color":"","background-image":"","background-repeat":"repeat","background-position":"center center","background-size":"auto","background-attachment":"scroll","background-type":"","background-media":"","overlay-type":"","overlay-color":"","overlay-gradient":""}},"ast-content-background-meta":{"desktop":{"background-color":"var(--ast-global-color-5)","background-image":"","background-repeat":"repeat","background-position":"center center","background-size":"auto","background-attachment":"scroll","background-type":"","background-media":"","overlay-type":"","overlay-color":"","overlay-gradient":""},"tablet":{"background-color":"var(--ast-global-color-5)","background-image":"","background-repeat":"repeat","background-position":"center center","background-size":"auto","background-attachment":"scroll","background-type":"","background-media":"","overlay-type":"","overlay-color":"","overlay-gradient":""},"mobile":{"background-color":"var(--ast-global-color-5)","background-image":"","background-repeat":"repeat","background-position":"center center","background-size":"auto","background-attachment":"scroll","background-type":"","background-media":"","overlay-type":"","overlay-color":"","overlay-gradient":""}},"footnotes":""},"yoast_head":"<!-- This site is optimized with the Yoast SEO plugin v22.2 - https:\/\/yoast.com\/wordpress\/plugins\/seo\/ -->\n<title>Pol\u00edtica de privacidade -<\/title>\n<meta name=\"robots\" content=\"index, follow, max-snippet:-1, max-image-preview:large, max-video-preview:-1\" \/>\n<link rel=\"canonical\" href=\"https:\/\/www.biozeram.com\/pt-pt\/politica-de-privacidade\" \/>\n<meta property=\"og:locale\" content=\"pt_PT\" \/>\n<meta property=\"og:type\" content=\"article\" \/>\n<meta property=\"og:title\" content=\"Pol\u00edtica de privacidade -\" \/>\n<meta property=\"og:description\" content=\"Pol\u00edtica de privacidade A presente Pol\u00edtica de Privacidade estabelece os termos em que a biozeram utiliza e protege as informa\u00e7\u00f5es [&hellip;]\" \/>\n<meta property=\"og:url\" content=\"https:\/\/www.biozeram.com\/pt-pt\/politica-de-privacidade\" \/>\n<meta property=\"article:publisher\" content=\"https:\/\/www.facebook.com\/biozeram\/?locale=es_ES\" \/>\n<meta property=\"article:modified_time\" content=\"2024-03-13T13:05:09+00:00\" \/>\n<meta name=\"twitter:card\" content=\"summary_large_image\" \/>\n<meta name=\"twitter:label1\" content=\"Tempo estimado de leitura\" \/>\n\t<meta name=\"twitter:data1\" content=\"4 minutos\" \/>\n<script type=\"application\/ld+json\" class=\"yoast-schema-graph\">{\"@context\":\"https:\/\/schema.org\",\"@graph\":[{\"@type\":\"WebPage\",\"@id\":\"https:\/\/www.biozeram.com\/pt-pt\/politica-de-privacidade\",\"url\":\"https:\/\/www.biozeram.com\/pt-pt\/politica-de-privacidade\",\"name\":\"Pol\u00edtica de privacidade -\",\"isPartOf\":{\"@id\":\"https:\/\/www.biozeram.com\/#website\"},\"datePublished\":\"2024-02-26T10:33:04+00:00\",\"dateModified\":\"2024-03-13T13:05:09+00:00\",\"breadcrumb\":{\"@id\":\"https:\/\/www.biozeram.com\/pt-pt\/politica-de-privacidade#breadcrumb\"},\"inLanguage\":\"pt-PT\",\"potentialAction\":[{\"@type\":\"ReadAction\",\"target\":[\"https:\/\/www.biozeram.com\/pt-pt\/politica-de-privacidade\"]}]},{\"@type\":\"BreadcrumbList\",\"@id\":\"https:\/\/www.biozeram.com\/pt-pt\/politica-de-privacidade#breadcrumb\",\"itemListElement\":[{\"@type\":\"ListItem\",\"position\":1,\"name\":\"Portada\",\"item\":\"https:\/\/www.biozeram.com\/pt-pt\/inicio\"},{\"@type\":\"ListItem\",\"position\":2,\"name\":\"Pol\u00edtica de privacidade\"}]},{\"@type\":\"WebSite\",\"@id\":\"https:\/\/www.biozeram.com\/#website\",\"url\":\"https:\/\/www.biozeram.com\/\",\"name\":\"biozeram.com\",\"description\":\"\",\"publisher\":{\"@id\":\"https:\/\/www.biozeram.com\/#organization\"},\"potentialAction\":[{\"@type\":\"SearchAction\",\"target\":{\"@type\":\"EntryPoint\",\"urlTemplate\":\"https:\/\/www.biozeram.com\/?s={search_term_string}\"},\"query-input\":\"required name=search_term_string\"}],\"inLanguage\":\"pt-PT\"},{\"@type\":\"Organization\",\"@id\":\"https:\/\/www.biozeram.com\/#organization\",\"name\":\"Biozeram\",\"url\":\"https:\/\/www.biozeram.com\/\",\"logo\":{\"@type\":\"ImageObject\",\"inLanguage\":\"pt-PT\",\"@id\":\"https:\/\/www.biozeram.com\/#\/schema\/logo\/image\/\",\"url\":\"https:\/\/www.biozeram.com\/wp-content\/uploads\/2024\/03\/logo_biozeram.jpg\",\"contentUrl\":\"https:\/\/www.biozeram.com\/wp-content\/uploads\/2024\/03\/logo_biozeram.jpg\",\"width\":500,\"height\":137,\"caption\":\"Biozeram\"},\"image\":{\"@id\":\"https:\/\/www.biozeram.com\/#\/schema\/logo\/image\/\"},\"sameAs\":[\"https:\/\/www.facebook.com\/biozeram\/?locale=es_ES\",\"https:\/\/www.linkedin.com\/company\/biozeram-solutions-s-l-\/\",\"https:\/\/www.instagram.com\/biozeram\/?hl=es\"]}]}<\/script>\n<!-- \/ Yoast SEO plugin. -->","yoast_head_json":{"title":"Pol\u00edtica de privacidade -","robots":{"index":"index","follow":"follow","max-snippet":"max-snippet:-1","max-image-preview":"max-image-preview:large","max-video-preview":"max-video-preview:-1"},"canonical":"https:\/\/www.biozeram.com\/pt-pt\/politica-de-privacidade","og_locale":"pt_PT","og_type":"article","og_title":"Pol\u00edtica de privacidade -","og_description":"Pol\u00edtica de privacidade A presente Pol\u00edtica de Privacidade estabelece os termos em que a biozeram utiliza e protege as informa\u00e7\u00f5es [&hellip;]","og_url":"https:\/\/www.biozeram.com\/pt-pt\/politica-de-privacidade","article_publisher":"https:\/\/www.facebook.com\/biozeram\/?locale=es_ES","article_modified_time":"2024-03-13T13:05:09+00:00","twitter_card":"summary_large_image","twitter_misc":{"Tempo estimado de leitura":"4 minutos"},"schema":{"@context":"https:\/\/schema.org","@graph":[{"@type":"WebPage","@id":"https:\/\/www.biozeram.com\/pt-pt\/politica-de-privacidade","url":"https:\/\/www.biozeram.com\/pt-pt\/politica-de-privacidade","name":"Pol\u00edtica de privacidade -","isPartOf":{"@id":"https:\/\/www.biozeram.com\/#website"},"datePublished":"2024-02-26T10:33:04+00:00","dateModified":"2024-03-13T13:05:09+00:00","breadcrumb":{"@id":"https:\/\/www.biozeram.com\/pt-pt\/politica-de-privacidade#breadcrumb"},"inLanguage":"pt-PT","potentialAction":[{"@type":"ReadAction","target":["https:\/\/www.biozeram.com\/pt-pt\/politica-de-privacidade"]}]},{"@type":"BreadcrumbList","@id":"https:\/\/www.biozeram.com\/pt-pt\/politica-de-privacidade#breadcrumb","itemListElement":[{"@type":"ListItem","position":1,"name":"Portada","item":"https:\/\/www.biozeram.com\/pt-pt\/inicio"},{"@type":"ListItem","position":2,"name":"Pol\u00edtica de privacidade"}]},{"@type":"WebSite","@id":"https:\/\/www.biozeram.com\/#website","url":"https:\/\/www.biozeram.com\/","name":"biozeram.com","description":"","publisher":{"@id":"https:\/\/www.biozeram.com\/#organization"},"potentialAction":[{"@type":"SearchAction","target":{"@type":"EntryPoint","urlTemplate":"https:\/\/www.biozeram.com\/?s={search_term_string}"},"query-input":"required name=search_term_string"}],"inLanguage":"pt-PT"},{"@type":"Organization","@id":"https:\/\/www.biozeram.com\/#organization","name":"Biozeram","url":"https:\/\/www.biozeram.com\/","logo":{"@type":"ImageObject","inLanguage":"pt-PT","@id":"https:\/\/www.biozeram.com\/#\/schema\/logo\/image\/","url":"https:\/\/www.biozeram.com\/wp-content\/uploads\/2024\/03\/logo_biozeram.jpg","contentUrl":"https:\/\/www.biozeram.com\/wp-content\/uploads\/2024\/03\/logo_biozeram.jpg","width":500,"height":137,"caption":"Biozeram"},"image":{"@id":"https:\/\/www.biozeram.com\/#\/schema\/logo\/image\/"},"sameAs":["https:\/\/www.facebook.com\/biozeram\/?locale=es_ES","https:\/\/www.linkedin.com\/company\/biozeram-solutions-s-l-\/","https:\/\/www.instagram.com\/biozeram\/?hl=es"]}]}},"_links":{"self":[{"href":"https:\/\/www.biozeram.com\/pt-pt\/wp-json\/wp\/v2\/pages\/6847"}],"collection":[{"href":"https:\/\/www.biozeram.com\/pt-pt\/wp-json\/wp\/v2\/pages"}],"about":[{"href":"https:\/\/www.biozeram.com\/pt-pt\/wp-json\/wp\/v2\/types\/page"}],"author":[{"embeddable":true,"href":"https:\/\/www.biozeram.com\/pt-pt\/wp-json\/wp\/v2\/users\/1"}],"replies":[{"embeddable":true,"href":"https:\/\/www.biozeram.com\/pt-pt\/wp-json\/wp\/v2\/comments?post=6847"}],"version-history":[{"count":1,"href":"https:\/\/www.biozeram.com\/pt-pt\/wp-json\/wp\/v2\/pages\/6847\/revisions"}],"predecessor-version":[{"id":6848,"href":"https:\/\/www.biozeram.com\/pt-pt\/wp-json\/wp\/v2\/pages\/6847\/revisions\/6848"}],"wp:attachment":[{"href":"https:\/\/www.biozeram.com\/pt-pt\/wp-json\/wp\/v2\/media?parent=6847"}],"curies":[{"name":"wp","href":"https:\/\/api.w.org\/{rel}","templated":true}]}}