{"id":6785,"date":"2024-03-07T15:39:05","date_gmt":"2024-03-07T15:39:05","guid":{"rendered":"https:\/\/www.biozeram.com\/aviso-legal"},"modified":"2024-03-13T12:51:31","modified_gmt":"2024-03-13T12:51:31","slug":"aviso-legal","status":"publish","type":"page","link":"https:\/\/www.biozeram.com\/pt-pt\/aviso-legal","title":{"rendered":"Aviso legal"},"content":{"rendered":"\t\t<div data-elementor-type=\"wp-page\" data-elementor-id=\"6785\" class=\"elementor elementor-6785 elementor-6553\" data-elementor-post-type=\"page\">\n\t\t\t\t<div class=\"elementor-element elementor-element-2795a96 e-flex e-con-boxed e-con e-parent\" data-id=\"2795a96\" data-element_type=\"container\" data-settings=\"{&quot;container_type&quot;:&quot;flex&quot;,&quot;content_width&quot;:&quot;boxed&quot;}\" data-core-v316-plus=\"true\">\n\t\t\t\t\t<div class=\"e-con-inner\">\n\t\t\t\t<div class=\"elementor-element elementor-element-f6a81d5 elementor-widget elementor-widget-heading\" data-id=\"f6a81d5\" data-element_type=\"widget\" data-widget_type=\"heading.default\">\n\t\t\t\t<div class=\"elementor-widget-container\">\n\t\t\t<style>\/*! elementor - v3.19.0 - 07-02-2024 *\/\n.elementor-heading-title{padding:0;margin:0;line-height:1}.elementor-widget-heading .elementor-heading-title[class*=elementor-size-]>a{color:inherit;font-size:inherit;line-height:inherit}.elementor-widget-heading .elementor-heading-title.elementor-size-small{font-size:15px}.elementor-widget-heading .elementor-heading-title.elementor-size-medium{font-size:19px}.elementor-widget-heading .elementor-heading-title.elementor-size-large{font-size:29px}.elementor-widget-heading .elementor-heading-title.elementor-size-xl{font-size:39px}.elementor-widget-heading .elementor-heading-title.elementor-size-xxl{font-size:59px}<\/style><h2 class=\"elementor-heading-title elementor-size-default\">Aviso legal<\/h2>\t\t<\/div>\n\t\t\t\t<\/div>\n\t\t\t\t<div class=\"elementor-element elementor-element-0797bc4 elementor-widget elementor-widget-text-editor\" data-id=\"0797bc4\" data-element_type=\"widget\" data-widget_type=\"text-editor.default\">\n\t\t\t\t<div class=\"elementor-widget-container\">\n\t\t\t<style>\/*! elementor - v3.19.0 - 07-02-2024 *\/\n.elementor-widget-text-editor.elementor-drop-cap-view-stacked .elementor-drop-cap{background-color:#69727d;color:#fff}.elementor-widget-text-editor.elementor-drop-cap-view-framed .elementor-drop-cap{color:#69727d;border:3px solid;background-color:transparent}.elementor-widget-text-editor:not(.elementor-drop-cap-view-default) .elementor-drop-cap{margin-top:8px}.elementor-widget-text-editor:not(.elementor-drop-cap-view-default) .elementor-drop-cap-letter{width:1em;height:1em}.elementor-widget-text-editor .elementor-drop-cap{float:left;text-align:center;line-height:1;font-size:50px}.elementor-widget-text-editor .elementor-drop-cap-letter{display:inline-block}<\/style>\t\t\t\t<p class=\"p1\">Em cumprimento da Lei 34\/2002, de 11 de julho, de Servi\u00e7os da Sociedade da Informa\u00e7\u00e3o e Com\u00e9rcio Eletr\u00f3nico, informa-se o utilizador de que o titular do site www.cosefinan.com \u00e9 a empresa BIOZERAM SOLUTIONS, S.L., e que os seus dados identificativos s\u00e3o os seguintes<\/p>\n\t\t\t\t\t\t<\/div>\n\t\t\t\t<\/div>\n\t\t\t\t<div class=\"elementor-element elementor-element-49154f3 elementor-widget elementor-widget-text-editor\" data-id=\"49154f3\" data-element_type=\"widget\" data-widget_type=\"text-editor.default\">\n\t\t\t\t<div class=\"elementor-widget-container\">\n\t\t\t\t\t\t\t<p class=\"p1\">Respons\u00e1vel pelo tratamento de dados (nome da empresa): BIOZERAM SOLUTIONS, S.L.<\/p>\n<p class=\"p1\">N.\u00ba IVA: B &#8211; 65865982<\/p>\n<p class=\"p1\">Endere\u00e7o: C\/ Canelones, 25 &#8211; local 1. 08917 Badalona (Barcelona)<\/p>\n<p class=\"p1\">Correio eletr\u00f3nico: info@biozeram.com<\/p>\n\t\t\t\t\t\t<\/div>\n\t\t\t\t<\/div>\n\t\t\t\t<div class=\"elementor-element elementor-element-f210908 elementor-widget elementor-widget-text-editor\" data-id=\"f210908\" data-element_type=\"widget\" data-widget_type=\"text-editor.default\">\n\t\t\t\t<div class=\"elementor-widget-container\">\n\t\t\t\t\t\t\t<p class=\"p1\"><strong>1. aceder ao s\u00edtio Web<\/strong><\/p>\n<p class=\"p1\">O aviso legal regula o acesso e a utiliza\u00e7\u00e3o dos utilizadores do s\u00edtio Web e tem como objetivo dar a conhecer os servi\u00e7os e produtos da entidade e permitir o acesso geral a todos os utilizadores da Internet.<\/p>\n\t\t\t\t\t\t<\/div>\n\t\t\t\t<\/div>\n\t\t\t\t<div class=\"elementor-element elementor-element-930be35 elementor-widget elementor-widget-text-editor\" data-id=\"930be35\" data-element_type=\"widget\" data-widget_type=\"text-editor.default\">\n\t\t\t\t<div class=\"elementor-widget-container\">\n\t\t\t\t\t\t\t<p class=\"p1\">O acesso e\/ou a utiliza\u00e7\u00e3o do s\u00edtio Web atribui ao utilizador a condi\u00e7\u00e3o de utilizador e a aceita\u00e7\u00e3o, sem reservas de qualquer tipo, de todas e cada uma das presentes condi\u00e7\u00f5es gerais, bem como de quaisquer outras condi\u00e7\u00f5es espec\u00edficas que, se for caso disso, regulem a utiliza\u00e7\u00e3o do Portal ou dos servi\u00e7os a ele ligados.<\/p>\n\t\t\t\t\t\t<\/div>\n\t\t\t\t<\/div>\n\t\t\t\t<div class=\"elementor-element elementor-element-ec8a2a2 elementor-widget elementor-widget-text-editor\" data-id=\"ec8a2a2\" data-element_type=\"widget\" data-widget_type=\"text-editor.default\">\n\t\t\t\t<div class=\"elementor-widget-container\">\n\t\t\t\t\t\t\t<p class=\"p1\">O utilizador deve ler atentamente o Aviso Legal e as Pol\u00edticas de Privacidade e de Cookies ao utilizar o site, uma vez que BIOZERAM SOLUTIONS, S.L. se reserva o direito de efetuar, em qualquer momento e sem aviso pr\u00e9vio, qualquer modifica\u00e7\u00e3o ou atualiza\u00e7\u00e3o dos conte\u00fados e servi\u00e7os, das presentes disposi\u00e7\u00f5es de acesso e utiliza\u00e7\u00e3o e, em geral, de quaisquer elementos que integrem o desenho e configura\u00e7\u00e3o do seu site. Se n\u00e3o aceitar as condi\u00e7\u00f5es de acesso e utiliza\u00e7\u00e3o, deve abster-se de utilizar o s\u00edtio Web e o seu conte\u00fado.<\/p>\n\t\t\t\t\t\t<\/div>\n\t\t\t\t<\/div>\n\t\t\t\t<div class=\"elementor-element elementor-element-2e45d56 elementor-widget elementor-widget-text-editor\" data-id=\"2e45d56\" data-element_type=\"widget\" data-widget_type=\"text-editor.default\">\n\t\t\t\t<div class=\"elementor-widget-container\">\n\t\t\t\t\t\t\t<p class=\"p1\"><strong>2. Utiliza\u00e7\u00e3o do s\u00edtio Web<\/strong><\/p>\n<p class=\"p1\">O utilizador compromete-se a fazer uma utiliza\u00e7\u00e3o diligente do s\u00edtio Web, bem como das informa\u00e7\u00f5es relativas aos seus servi\u00e7os e\/ou actividades, no pleno respeito da regulamenta\u00e7\u00e3o aplic\u00e1vel, bem como da moral e dos bons costumes geralmente aceites e da ordem p\u00fablica, das condi\u00e7\u00f5es de acesso e de utiliza\u00e7\u00e3o e de quaisquer outras condi\u00e7\u00f5es estabelecidas para o s\u00edtio Web.<\/p>\n\t\t\t\t\t\t<\/div>\n\t\t\t\t<\/div>\n\t\t\t\t<div class=\"elementor-element elementor-element-b4b31dc elementor-widget elementor-widget-text-editor\" data-id=\"b4b31dc\" data-element_type=\"widget\" data-widget_type=\"text-editor.default\">\n\t\t\t\t<div class=\"elementor-widget-container\">\n\t\t\t\t\t\t\t<p class=\"p1\">Al\u00e9m disso, o utilizador compromete-se a abster-se de utilizar qualquer dos conte\u00fados para fins ou efeitos il\u00edcitos, proibidos no presente texto, lesivos dos direitos e interesses de terceiros, ou que de qualquer forma possam danificar, inutilizar, sobrecarregar, deteriorar ou impedir a normal utiliza\u00e7\u00e3o dos conte\u00fados, de outros utilizadores ou de qualquer utilizador da Internet (hardware e software).<\/p>\n\t\t\t\t\t\t<\/div>\n\t\t\t\t<\/div>\n\t\t\t\t<div class=\"elementor-element elementor-element-4d304c6 elementor-widget elementor-widget-text-editor\" data-id=\"4d304c6\" data-element_type=\"widget\" data-widget_type=\"text-editor.default\">\n\t\t\t\t<div class=\"elementor-widget-container\">\n\t\t\t\t\t\t\t<p class=\"p1\"><strong>3. Funcionamento do s\u00edtio Web<\/strong><\/p>\n<p class=\"p1\">Em caso de incumprimento das condi\u00e7\u00f5es do Aviso Legal, ou das Pol\u00edticas de Privacidade e de Cookies, BIOZERAM SOLUTIONS, S.L. reserva-se o direito de limitar, suspender e\/ou excluir o acesso \u00e0 sua p\u00e1gina web, adoptando todas as medidas t\u00e9cnicas necess\u00e1rias para as respeitar. BIOZERAM SOLUTIONS, S.L. far\u00e1 todo o poss\u00edvel para manter o site em bom estado de funcionamento, evitando erros, ou reparando-os e mantendo os conte\u00fados actualizados. No entanto, BIOZERAM SOLUTIONS, S.L. n\u00e3o garante a disponibilidade e continuidade do acesso ao site ou a aus\u00eancia de erros no conte\u00fado.<\/p>\n\t\t\t\t\t\t<\/div>\n\t\t\t\t<\/div>\n\t\t\t\t<div class=\"elementor-element elementor-element-5c46b55 elementor-widget elementor-widget-text-editor\" data-id=\"5c46b55\" data-element_type=\"widget\" data-widget_type=\"text-editor.default\">\n\t\t\t\t<div class=\"elementor-widget-container\">\n\t\t\t\t\t\t\t<p class=\"p1\"><strong>4. Responsabilidade<\/strong><\/p>\n<p class=\"p1\">O utilizador \u00e9 o \u00fanico respons\u00e1vel pela utiliza\u00e7\u00e3o que possa ser feita de qualquer informa\u00e7\u00e3o ou mecanismo do s\u00edtio Web.<\/p>\n\t\t\t\t\t\t<\/div>\n\t\t\t\t<\/div>\n\t\t\t\t<div class=\"elementor-element elementor-element-4fabf04 elementor-widget elementor-widget-text-editor\" data-id=\"4fabf04\" data-element_type=\"widget\" data-widget_type=\"text-editor.default\">\n\t\t\t\t<div class=\"elementor-widget-container\">\n\t\t\t\t\t\t\t<p class=\"p1\">BIOZERAM SOLUTIONS, S.L. n\u00e3o se responsabiliza por quaisquer danos no hardware e\/ou software do utilizador decorrentes do acesso e utiliza\u00e7\u00e3o do site. Do mesmo modo, n\u00e3o se responsabiliza por quaisquer danos e\/ou preju\u00edzos que possam ser causados pelo acesso e\/ou utiliza\u00e7\u00e3o da informa\u00e7\u00e3o contida no s\u00edtio Web e, em particular, os que possam ocorrer nos sistemas inform\u00e1ticos ou os causados por v\u00edrus e\/ou ataques inform\u00e1ticos, falhas, interrup\u00e7\u00f5es, aus\u00eancia ou defeitos nas comunica\u00e7\u00f5es e\/ou na Internet.<\/p>\n\t\t\t\t\t\t<\/div>\n\t\t\t\t<\/div>\n\t\t\t\t<div class=\"elementor-element elementor-element-45574e9 elementor-widget elementor-widget-text-editor\" data-id=\"45574e9\" data-element_type=\"widget\" data-widget_type=\"text-editor.default\">\n\t\t\t\t<div class=\"elementor-widget-container\">\n\t\t\t\t\t\t\t<p class=\"p1\">O utilizador ser\u00e1 respons\u00e1vel pelos danos e\/ou preju\u00edzos que BIOZERAM SOLUTIONS, S.L. possa sofrer como consequ\u00eancia do incumprimento de qualquer das obriga\u00e7\u00f5es a que est\u00e1 sujeito atrav\u00e9s do presente Aviso Legal, da normativa aplic\u00e1vel e da Pol\u00edtica de Privacidade e Cookies.<\/p>\n\t\t\t\t\t\t<\/div>\n\t\t\t\t<\/div>\n\t\t\t\t<div class=\"elementor-element elementor-element-c06cda1 elementor-widget elementor-widget-text-editor\" data-id=\"c06cda1\" data-element_type=\"widget\" data-widget_type=\"text-editor.default\">\n\t\t\t\t<div class=\"elementor-widget-container\">\n\t\t\t\t\t\t\t<p class=\"p1\"><strong>5. Pol\u00edtica de liga\u00e7\u00e3o (s\u00edtio Web de liga\u00e7\u00e3o e s\u00edtio Web de liga\u00e7\u00e3o)<\/strong><\/p>\n<p class=\"p1\"><em>A) s\u00edtio Web de liga\u00e7\u00e3o:<\/em><\/p>\n<p class=\"p1\">Os terceiros que pretendam incluir uma liga\u00e7\u00e3o a este s\u00edtio Web numa p\u00e1gina Web devem respeitar a legisla\u00e7\u00e3o em vigor e n\u00e3o podem alojar conte\u00fados inadequados, ilegais, pornogr\u00e1ficos, violentos, etc.<\/p>\n<p class=\"p1\">BIOZERAM SOLUTIONS, S.L. n\u00e3o se responsabiliza de forma alguma pelo conte\u00fado do site, nem promove, garante, supervisiona ou recomenda o seu conte\u00fado.<\/p>\n<p class=\"p1\">Se o s\u00edtio Web que estabelece a liga\u00e7\u00e3o violar qualquer um dos pontos acima referidos, ser\u00e1 obrigado a retirar imediatamente a liga\u00e7\u00e3o.<\/p>\n<p class=\"p1\"><em>b) s\u00edtio Web associado:<\/em><\/p>\n<p class=\"p1\">Este s\u00edtio Web pode incluir liga\u00e7\u00f5es a s\u00edtios Web de terceiros que permitam ao utilizador aceder aos mesmos. No entanto, BIOZERAM SOLUTIONS, S.L. n\u00e3o se responsabiliza pelo conte\u00fado destas p\u00e1ginas web vinculadas, mas o utilizador \u00e9 respons\u00e1vel por aceitar e verificar os acessos cada vez que acede \u00e0s mesmas.<\/p>\n<p class=\"p1\">Essas liga\u00e7\u00f5es ou men\u00e7\u00f5es s\u00e3o feitas para fins que n\u00e3o implicam apoio, aprova\u00e7\u00e3o, comercializa\u00e7\u00e3o ou qualquer rela\u00e7\u00e3o entre o s\u00edtio e as pessoas ou entidades propriet\u00e1rias dos s\u00edtios onde se encontram.<\/p>\n\t\t\t\t\t\t<\/div>\n\t\t\t\t<\/div>\n\t\t\t\t<div class=\"elementor-element elementor-element-ef9a5d8 elementor-widget elementor-widget-text-editor\" data-id=\"ef9a5d8\" data-element_type=\"widget\" data-widget_type=\"text-editor.default\">\n\t\t\t\t<div class=\"elementor-widget-container\">\n\t\t\t\t\t\t\t<p class=\"p1\"><strong>6. Propriedade intelectual e industrial dos conte\u00fados<\/strong><\/p>\n<p class=\"p1\">BIOZERAM SOLUTIONS, S.L. ou os seus licenciantes, s\u00e3o titulares de todos os direitos de propriedade intelectual sobre os Conte\u00fados do site, entendendo-se como tal todos os desenhos, bases de dados, programas inform\u00e1ticos subjacentes (incluindo o c\u00f3digo fonte), assim como os diferentes elementos que comp\u00f5em o site (textos, gr\u00e1ficos, fotografias, v\u00eddeos, cores, etc.), estrutura, ordem, etc. As marcas e nomes comerciais (&#8220;sinais distintivos&#8221;) s\u00e3o propriedade da BIOZERAM SOLUTIONS, S.L. ou dos seus licenciadores.<\/p>\n\t\t\t\t\t\t<\/div>\n\t\t\t\t<\/div>\n\t\t\t\t<div class=\"elementor-element elementor-element-0580689 elementor-widget elementor-widget-text-editor\" data-id=\"0580689\" data-element_type=\"widget\" data-widget_type=\"text-editor.default\">\n\t\t\t\t<div class=\"elementor-widget-container\">\n\t\t\t\t\t\t\t<p class=\"p1\">A utiliza\u00e7\u00e3o do s\u00edtio Web pelo utilizador n\u00e3o implica a transfer\u00eancia de quaisquer direitos de propriedade intelectual ou industrial. \u00c9 estritamente proibido ao utilizador reproduzir, copiar, distribuir, colocar \u00e0 disposi\u00e7\u00e3o ou de qualquer outra forma comunicar publicamente, transformar ou modificar os Conte\u00fados ou os Sinais Distintivos, exceto com a autoriza\u00e7\u00e3o do titular dos direitos correspondentes ou se tal for legalmente permitido.<\/p>\n\t\t\t\t\t\t<\/div>\n\t\t\t\t<\/div>\n\t\t\t\t<div class=\"elementor-element elementor-element-b612bd8 elementor-widget elementor-widget-text-editor\" data-id=\"b612bd8\" data-element_type=\"widget\" data-widget_type=\"text-editor.default\">\n\t\t\t\t<div class=\"elementor-widget-container\">\n\t\t\t\t\t\t\t<p class=\"p1\"><strong>7. Publicidade<\/strong><\/p>\n<p class=\"p1\">O s\u00edtio Web pode alojar publicidade ou conte\u00fados patrocinados. Os anunciantes ou patrocinadores s\u00e3o os \u00fanicos respons\u00e1veis por garantir que o material enviado para inclus\u00e3o no s\u00edtio est\u00e1 em conformidade com qualquer legisla\u00e7\u00e3o aplic\u00e1vel.<\/p>\n\t\t\t\t\t\t<\/div>\n\t\t\t\t<\/div>\n\t\t\t\t<div class=\"elementor-element elementor-element-6dc03d9 elementor-widget elementor-widget-text-editor\" data-id=\"6dc03d9\" data-element_type=\"widget\" data-widget_type=\"text-editor.default\">\n\t\t\t\t<div class=\"elementor-widget-container\">\n\t\t\t\t\t\t\t<p class=\"p1\">BIOZERAM SOLUTIONS, S.L. n\u00e3o ser\u00e1 respons\u00e1vel por qualquer erro, inexatid\u00e3o ou irregularidade que possa estar contida no conte\u00fado da publicidade ou dos patrocinadores.<\/p>\n\t\t\t\t\t\t<\/div>\n\t\t\t\t<\/div>\n\t\t\t\t<div class=\"elementor-element elementor-element-914de39 elementor-widget elementor-widget-text-editor\" data-id=\"914de39\" data-element_type=\"widget\" data-widget_type=\"text-editor.default\">\n\t\t\t\t<div class=\"elementor-widget-container\">\n\t\t\t\t\t\t\t<p class=\"p1\"><strong>8. Legisla\u00e7\u00e3o aplic\u00e1vel<\/strong><\/p>\n<p class=\"p1\">O Aviso Legal ser\u00e1 regido e interpretado de acordo com a legisla\u00e7\u00e3o espanhola.<\/p>\n\t\t\t\t\t\t<\/div>\n\t\t\t\t<\/div>\n\t\t\t\t<div class=\"elementor-element elementor-element-60a7d28 elementor-widget elementor-widget-text-editor\" data-id=\"60a7d28\" data-element_type=\"widget\" data-widget_type=\"text-editor.default\">\n\t\t\t\t<div class=\"elementor-widget-container\">\n\t\t\t\t\t\t\t<p class=\"p1\">Para a resolu\u00e7\u00e3o de qualquer conflito que possa surgir do acesso ao s\u00edtio Web, o utilizador estar\u00e1 sujeito aos tribunais competentes, em conformidade com a regulamenta\u00e7\u00e3o relativa aos consumidores e aos utilizadores.<\/p>\n\t\t\t\t\t\t<\/div>\n\t\t\t\t<\/div>\n\t\t\t\t<div class=\"elementor-element elementor-element-c9d6d3f elementor-widget elementor-widget-text-editor\" data-id=\"c9d6d3f\" data-element_type=\"widget\" data-widget_type=\"text-editor.default\">\n\t\t\t\t<div class=\"elementor-widget-container\">\n\t\t\t\t\t\t\t<p class=\"p1\"><strong>9. Contacto<\/strong><\/p>\n<p class=\"p1\">Se tiver quaisquer perguntas ou coment\u00e1rios sobre este aviso legal, contacte-nos atrav\u00e9s do endere\u00e7o info@biozeram.com.<\/p>\n\t\t\t\t\t\t<\/div>\n\t\t\t\t<\/div>\n\t\t\t\t\t<\/div>\n\t\t\t\t<\/div>\n\t\t\t\t<\/div>\n\t\t","protected":false},"excerpt":{"rendered":"<p>Aviso legal Em cumprimento da Lei 34\/2002, de 11 de julho, de Servi\u00e7os da Sociedade da Informa\u00e7\u00e3o e Com\u00e9rcio Eletr\u00f3nico, [&hellip;]<\/p>\n","protected":false},"author":1,"featured_media":0,"parent":0,"menu_order":0,"comment_status":"closed","ping_status":"closed","template":"","meta":{"site-sidebar-layout":"default","site-content-layout":"","ast-site-content-layout":"","site-content-style":"default","site-sidebar-style":"default","ast-global-header-display":"","ast-banner-title-visibility":"","ast-main-header-display":"","ast-hfb-above-header-display":"","ast-hfb-below-header-display":"","ast-hfb-mobile-header-display":"","site-post-title":"","ast-breadcrumbs-content":"","ast-featured-img":"","footer-sml-layout":"","theme-transparent-header-meta":"","adv-header-id-meta":"","stick-header-meta":"","header-above-stick-meta":"","header-main-stick-meta":"","header-below-stick-meta":"","astra-migrate-meta-layouts":"default","ast-page-background-enabled":"default","ast-page-background-meta":{"desktop":{"background-color":"var(--ast-global-color-4)","background-image":"","background-repeat":"repeat","background-position":"center center","background-size":"auto","background-attachment":"scroll","background-type":"","background-media":"","overlay-type":"","overlay-color":"","overlay-gradient":""},"tablet":{"background-color":"","background-image":"","background-repeat":"repeat","background-position":"center center","background-size":"auto","background-attachment":"scroll","background-type":"","background-media":"","overlay-type":"","overlay-color":"","overlay-gradient":""},"mobile":{"background-color":"","background-image":"","background-repeat":"repeat","background-position":"center center","background-size":"auto","background-attachment":"scroll","background-type":"","background-media":"","overlay-type":"","overlay-color":"","overlay-gradient":""}},"ast-content-background-meta":{"desktop":{"background-color":"var(--ast-global-color-5)","background-image":"","background-repeat":"repeat","background-position":"center center","background-size":"auto","background-attachment":"scroll","background-type":"","background-media":"","overlay-type":"","overlay-color":"","overlay-gradient":""},"tablet":{"background-color":"var(--ast-global-color-5)","background-image":"","background-repeat":"repeat","background-position":"center center","background-size":"auto","background-attachment":"scroll","background-type":"","background-media":"","overlay-type":"","overlay-color":"","overlay-gradient":""},"mobile":{"background-color":"var(--ast-global-color-5)","background-image":"","background-repeat":"repeat","background-position":"center center","background-size":"auto","background-attachment":"scroll","background-type":"","background-media":"","overlay-type":"","overlay-color":"","overlay-gradient":""}},"footnotes":""},"yoast_head":"<!-- This site is optimized with the Yoast SEO plugin v22.2 - https:\/\/yoast.com\/wordpress\/plugins\/seo\/ -->\n<title>Aviso legal -<\/title>\n<meta name=\"robots\" content=\"index, follow, max-snippet:-1, max-image-preview:large, max-video-preview:-1\" \/>\n<link rel=\"canonical\" href=\"https:\/\/www.biozeram.com\/pt-pt\/aviso-legal\" \/>\n<meta property=\"og:locale\" content=\"pt_PT\" \/>\n<meta property=\"og:type\" content=\"article\" \/>\n<meta property=\"og:title\" content=\"Aviso legal -\" \/>\n<meta property=\"og:description\" content=\"Aviso legal Em cumprimento da Lei 34\/2002, de 11 de julho, de Servi\u00e7os da Sociedade da Informa\u00e7\u00e3o e Com\u00e9rcio Eletr\u00f3nico, [&hellip;]\" \/>\n<meta property=\"og:url\" content=\"https:\/\/www.biozeram.com\/pt-pt\/aviso-legal\" \/>\n<meta property=\"article:publisher\" content=\"https:\/\/www.facebook.com\/biozeram\/?locale=es_ES\" \/>\n<meta property=\"article:modified_time\" content=\"2024-03-13T12:51:31+00:00\" \/>\n<meta name=\"twitter:card\" content=\"summary_large_image\" \/>\n<meta name=\"twitter:label1\" content=\"Tempo estimado de leitura\" \/>\n\t<meta name=\"twitter:data1\" content=\"6 minutos\" \/>\n<script type=\"application\/ld+json\" class=\"yoast-schema-graph\">{\"@context\":\"https:\/\/schema.org\",\"@graph\":[{\"@type\":\"WebPage\",\"@id\":\"https:\/\/www.biozeram.com\/pt-pt\/aviso-legal\",\"url\":\"https:\/\/www.biozeram.com\/pt-pt\/aviso-legal\",\"name\":\"Aviso legal -\",\"isPartOf\":{\"@id\":\"https:\/\/www.biozeram.com\/#website\"},\"datePublished\":\"2024-03-07T15:39:05+00:00\",\"dateModified\":\"2024-03-13T12:51:31+00:00\",\"breadcrumb\":{\"@id\":\"https:\/\/www.biozeram.com\/pt-pt\/aviso-legal#breadcrumb\"},\"inLanguage\":\"pt-PT\",\"potentialAction\":[{\"@type\":\"ReadAction\",\"target\":[\"https:\/\/www.biozeram.com\/pt-pt\/aviso-legal\"]}]},{\"@type\":\"BreadcrumbList\",\"@id\":\"https:\/\/www.biozeram.com\/pt-pt\/aviso-legal#breadcrumb\",\"itemListElement\":[{\"@type\":\"ListItem\",\"position\":1,\"name\":\"Portada\",\"item\":\"https:\/\/www.biozeram.com\/pt-pt\/inicio\"},{\"@type\":\"ListItem\",\"position\":2,\"name\":\"Aviso legal\"}]},{\"@type\":\"WebSite\",\"@id\":\"https:\/\/www.biozeram.com\/#website\",\"url\":\"https:\/\/www.biozeram.com\/\",\"name\":\"biozeram.com\",\"description\":\"\",\"publisher\":{\"@id\":\"https:\/\/www.biozeram.com\/#organization\"},\"potentialAction\":[{\"@type\":\"SearchAction\",\"target\":{\"@type\":\"EntryPoint\",\"urlTemplate\":\"https:\/\/www.biozeram.com\/?s={search_term_string}\"},\"query-input\":\"required name=search_term_string\"}],\"inLanguage\":\"pt-PT\"},{\"@type\":\"Organization\",\"@id\":\"https:\/\/www.biozeram.com\/#organization\",\"name\":\"Biozeram\",\"url\":\"https:\/\/www.biozeram.com\/\",\"logo\":{\"@type\":\"ImageObject\",\"inLanguage\":\"pt-PT\",\"@id\":\"https:\/\/www.biozeram.com\/#\/schema\/logo\/image\/\",\"url\":\"https:\/\/www.biozeram.com\/wp-content\/uploads\/2024\/03\/logo_biozeram.jpg\",\"contentUrl\":\"https:\/\/www.biozeram.com\/wp-content\/uploads\/2024\/03\/logo_biozeram.jpg\",\"width\":500,\"height\":137,\"caption\":\"Biozeram\"},\"image\":{\"@id\":\"https:\/\/www.biozeram.com\/#\/schema\/logo\/image\/\"},\"sameAs\":[\"https:\/\/www.facebook.com\/biozeram\/?locale=es_ES\",\"https:\/\/www.linkedin.com\/company\/biozeram-solutions-s-l-\/\",\"https:\/\/www.instagram.com\/biozeram\/?hl=es\"]}]}<\/script>\n<!-- \/ Yoast SEO plugin. -->","yoast_head_json":{"title":"Aviso legal -","robots":{"index":"index","follow":"follow","max-snippet":"max-snippet:-1","max-image-preview":"max-image-preview:large","max-video-preview":"max-video-preview:-1"},"canonical":"https:\/\/www.biozeram.com\/pt-pt\/aviso-legal","og_locale":"pt_PT","og_type":"article","og_title":"Aviso legal -","og_description":"Aviso legal Em cumprimento da Lei 34\/2002, de 11 de julho, de Servi\u00e7os da Sociedade da Informa\u00e7\u00e3o e Com\u00e9rcio Eletr\u00f3nico, [&hellip;]","og_url":"https:\/\/www.biozeram.com\/pt-pt\/aviso-legal","article_publisher":"https:\/\/www.facebook.com\/biozeram\/?locale=es_ES","article_modified_time":"2024-03-13T12:51:31+00:00","twitter_card":"summary_large_image","twitter_misc":{"Tempo estimado de leitura":"6 minutos"},"schema":{"@context":"https:\/\/schema.org","@graph":[{"@type":"WebPage","@id":"https:\/\/www.biozeram.com\/pt-pt\/aviso-legal","url":"https:\/\/www.biozeram.com\/pt-pt\/aviso-legal","name":"Aviso legal -","isPartOf":{"@id":"https:\/\/www.biozeram.com\/#website"},"datePublished":"2024-03-07T15:39:05+00:00","dateModified":"2024-03-13T12:51:31+00:00","breadcrumb":{"@id":"https:\/\/www.biozeram.com\/pt-pt\/aviso-legal#breadcrumb"},"inLanguage":"pt-PT","potentialAction":[{"@type":"ReadAction","target":["https:\/\/www.biozeram.com\/pt-pt\/aviso-legal"]}]},{"@type":"BreadcrumbList","@id":"https:\/\/www.biozeram.com\/pt-pt\/aviso-legal#breadcrumb","itemListElement":[{"@type":"ListItem","position":1,"name":"Portada","item":"https:\/\/www.biozeram.com\/pt-pt\/inicio"},{"@type":"ListItem","position":2,"name":"Aviso legal"}]},{"@type":"WebSite","@id":"https:\/\/www.biozeram.com\/#website","url":"https:\/\/www.biozeram.com\/","name":"biozeram.com","description":"","publisher":{"@id":"https:\/\/www.biozeram.com\/#organization"},"potentialAction":[{"@type":"SearchAction","target":{"@type":"EntryPoint","urlTemplate":"https:\/\/www.biozeram.com\/?s={search_term_string}"},"query-input":"required name=search_term_string"}],"inLanguage":"pt-PT"},{"@type":"Organization","@id":"https:\/\/www.biozeram.com\/#organization","name":"Biozeram","url":"https:\/\/www.biozeram.com\/","logo":{"@type":"ImageObject","inLanguage":"pt-PT","@id":"https:\/\/www.biozeram.com\/#\/schema\/logo\/image\/","url":"https:\/\/www.biozeram.com\/wp-content\/uploads\/2024\/03\/logo_biozeram.jpg","contentUrl":"https:\/\/www.biozeram.com\/wp-content\/uploads\/2024\/03\/logo_biozeram.jpg","width":500,"height":137,"caption":"Biozeram"},"image":{"@id":"https:\/\/www.biozeram.com\/#\/schema\/logo\/image\/"},"sameAs":["https:\/\/www.facebook.com\/biozeram\/?locale=es_ES","https:\/\/www.linkedin.com\/company\/biozeram-solutions-s-l-\/","https:\/\/www.instagram.com\/biozeram\/?hl=es"]}]}},"_links":{"self":[{"href":"https:\/\/www.biozeram.com\/pt-pt\/wp-json\/wp\/v2\/pages\/6785"}],"collection":[{"href":"https:\/\/www.biozeram.com\/pt-pt\/wp-json\/wp\/v2\/pages"}],"about":[{"href":"https:\/\/www.biozeram.com\/pt-pt\/wp-json\/wp\/v2\/types\/page"}],"author":[{"embeddable":true,"href":"https:\/\/www.biozeram.com\/pt-pt\/wp-json\/wp\/v2\/users\/1"}],"replies":[{"embeddable":true,"href":"https:\/\/www.biozeram.com\/pt-pt\/wp-json\/wp\/v2\/comments?post=6785"}],"version-history":[{"count":3,"href":"https:\/\/www.biozeram.com\/pt-pt\/wp-json\/wp\/v2\/pages\/6785\/revisions"}],"predecessor-version":[{"id":6788,"href":"https:\/\/www.biozeram.com\/pt-pt\/wp-json\/wp\/v2\/pages\/6785\/revisions\/6788"}],"wp:attachment":[{"href":"https:\/\/www.biozeram.com\/pt-pt\/wp-json\/wp\/v2\/media?parent=6785"}],"curies":[{"name":"wp","href":"https:\/\/api.w.org\/{rel}","templated":true}]}}